{"id":2,"date":"2016-11-10T03:48:21","date_gmt":"2016-11-10T03:48:21","guid":{"rendered":"http:\/\/wp452m.a10-52-158-154.qa.plesk.ru\/wordpress\/?page_id=2"},"modified":"2020-03-02T20:10:18","modified_gmt":"2020-03-02T20:10:18","slug":"herzlich-willkommen","status":"publish","type":"page","link":"http:\/\/thomasbusch.eu\/","title":{"rendered":"Herzlich Willkommen!"},"content":{"rendered":"<p>Ich begr\u00fc\u00dfe Sie herzlich auf meiner Webseite und informiere Sie \u00fcber meine T\u00e4tigkeit als Musikp\u00e4dagoge in der wissenschaftlichen Musikp\u00e4dagogik. Herzlich Willkommen!<br \/>\n<img decoding=\"async\" loading=\"lazy\" class=\"alignnone size-medium wp-image-74\" src=\"http:\/\/thomasbusch.eu\/wp-content\/uploads\/Foto_TB-240x300.jpg\" alt=\"foto_tb\" width=\"240\" height=\"300\" \/><\/p>\n","protected":false},"excerpt":{"rendered":"<p>Ich begr\u00fc\u00dfe Sie herzlich auf meiner Webseite und informiere Sie \u00fcber meine T\u00e4tigkeit als Musikp\u00e4dagoge in der wissenschaftlichen Musikp\u00e4dagogik. Herzlich Willkommen!<\/p>\n","protected":false},"author":1,"featured_media":74,"parent":0,"menu_order":0,"comment_status":"closed","ping_status":"closed","template":"","meta":[],"_links":{"self":[{"href":"http:\/\/thomasbusch.eu\/index.php?rest_route=\/wp\/v2\/pages\/2"}],"collection":[{"href":"http:\/\/thomasbusch.eu\/index.php?rest_route=\/wp\/v2\/pages"}],"about":[{"href":"http:\/\/thomasbusch.eu\/index.php?rest_route=\/wp\/v2\/types\/page"}],"author":[{"embeddable":true,"href":"http:\/\/thomasbusch.eu\/index.php?rest_route=\/wp\/v2\/users\/1"}],"replies":[{"embeddable":true,"href":"http:\/\/thomasbusch.eu\/index.php?rest_route=%2Fwp%2Fv2%2Fcomments&post=2"}],"version-history":[{"count":8,"href":"http:\/\/thomasbusch.eu\/index.php?rest_route=\/wp\/v2\/pages\/2\/revisions"}],"predecessor-version":[{"id":161,"href":"http:\/\/thomasbusch.eu\/index.php?rest_route=\/wp\/v2\/pages\/2\/revisions\/161"}],"wp:featuredmedia":[{"embeddable":true,"href":"http:\/\/thomasbusch.eu\/index.php?rest_route=\/wp\/v2\/media\/74"}],"wp:attachment":[{"href":"http:\/\/thomasbusch.eu\/index.php?rest_route=%2Fwp%2Fv2%2Fmedia&parent=2"}],"curies":[{"name":"wp","href":"https:\/\/api.w.org\/{rel}","templated":true}]}}